{"id":3121,"date":"2020-07-18T17:29:27","date_gmt":"2020-07-18T17:29:27","guid":{"rendered":"http:\/\/interior.fragrancetheme.com\/?page_id=3121"},"modified":"2021-07-30T07:48:43","modified_gmt":"2021-07-30T07:48:43","slug":"quienes-somos","status":"publish","type":"page","link":"https:\/\/construccionesruiz.es\/?page_id=3121","title":{"rendered":"Qui\u00e9nes somos"},"content":{"rendered":"[vc_row full_width=\u00bbstretch_row_content_no_spaces\u00bb equal_height=\u00bbyes\u00bb css=\u00bb.vc_custom_1616689542529{margin-top: 75px !important;padding-top: 65px !important;padding-bottom: 147px !important;padding-left: 20.5% !important;}\u00bb el_class=\u00bbfrgn-inner-pages frgn-inner-pages-left-pd\u00bb][vc_column width=\u00bb11\/12&#8243; css=\u00bb.vc_custom_1605787420183{padding-right: 33% !important;}\u00bb offset=\u00bbvc_col-lg-6 vc_col-md-11 vc_col-xs-11&#8243;][vc_custom_heading text=\u00bbQui\u00e9nes somos\u00bb font_container=\u00bbtag:h1|text_align:left\u00bb use_theme_fonts=\u00bbyes\u00bb]<div class=\"frgn-element frgn-image frgn-clipping-up frgn-advanced-animation frgn-clipping-animation frgn- frgn-align-left\" style=\"\"  data-delay=\"200\"><div class=\"frgn-image-wrapper frgn-popup-item frgn-has-animation featured_box\" style=\"max-width:333px;\"><img loading=\"lazy\" decoding=\"async\" width=\"333\" height=\"7\" src=\"https:\/\/construccionesruiz.es\/wp-content\/uploads\/2021\/03\/barra-02.png\" class=\"attachment- size-\" alt=\"\" data-column-space=\"auto\" srcset=\"https:\/\/construccionesruiz.es\/wp-content\/uploads\/2021\/03\/barra-02.png 333w, https:\/\/construccionesruiz.es\/wp-content\/uploads\/2021\/03\/barra-02-300x6.png 300w, https:\/\/construccionesruiz.es\/wp-content\/uploads\/2021\/03\/barra-02-308x7.png 308w\" sizes=\"auto, (max-width: 333px) 100vw, 333px\" \/>  <\/div><\/div>[vc_empty_space height=\u00bb25px\u00bb]<div id=\"ultimate-heading-171069f2383b04b58\" class=\"uvc-heading ult-adjust-bottom-margin ultimate-heading-171069f2383b04b58 uvc-1628 \" data-hspacer=\"no_spacer\"  data-halign=\"left\" style=\"text-align:left\"><div class=\"uvc-heading-spacer no_spacer\" style=\"top\"><\/div><div class=\"uvc-main-heading ult-responsive\"  data-ultimate-target='.uvc-heading.ultimate-heading-171069f2383b04b58 h4'  data-responsive-json-new='{\"font-size\":\"desktop:21px;\",\"line-height\":\"desktop:29px;\"}' ><h4 style=\"font-weight:500;margin-bottom:27px;\">Construcciones RUIZ nace en 1980, fundado por Francisco Ruiz con el objetivo de llevar a cabo su amor por la obra, desde la primera linea de un l\u00e1piz hasta el \u00faltimo acabado.<\/h4><\/div><div class=\"uvc-sub-heading ult-responsive\"  data-ultimate-target='.uvc-heading.ultimate-heading-171069f2383b04b58 .uvc-sub-heading '  data-responsive-json-new='{\"font-size\":\"desktop:15px;\",\"line-height\":\"desktop:24px;\"}'  style=\"font-family:&#039;Roboto&#039;;font-weight:normal;font-style:normal;\">\n<p class=\"p1\"><span class=\"s1\">Ese amor y esos valores profesionales empiezan a hacer mella en sus hijos, que, con el paso del tiempo acaban cogiendo el testigo, intentando adaptarse a la construcci\u00f3n actual sin olvidar cada lecci\u00f3n que les dio su padre.<\/span><\/p>\n<p class=\"p1\"><span class=\"s1\">En RUIZ encontrar\u00e1s un equipo de profesionales que te podr\u00e1n ayudar con tu proyecto. Desde la reforma de un cuarto de ba\u00f1o, hasta unifamiliares, pasando por distribuci\u00f3n y montaje de cocinas o reformas integrales o parciales de pisos y locales comerciales.<\/span><\/p>\n<p class=\"p1\"><span class=\"s1\">En Construcciones RUIZ, lo que marca la diferencia al resto, es la responsabilidad de dejar el proyecto acorde a la satisfacci\u00f3n de cada cliente que quiera confiar en ellos y en sus 40 a\u00f1os de experiencia, dif\u00edcil de encontrar en esta profesi\u00f3n. <\/span><\/p>\n<\/div><\/div>[vc_empty_space height=\u00bb41px\u00bb][\/vc_column][vc_column css=\u00bb.vc_custom_1603371624325{margin-left: -18% !important;background-position: 0 0 !important;background-repeat: no-repeat !important;}\u00bb offset=\u00bbvc_col-lg-6 vc_col-md-12 vc_col-xs-12&#8243;]<div class=\"frgn-element frgn-image frgn-clipping-up frgn-advanced-animation frgn-clipping-animation frgn- frgn-align-right frgn-image-space-100 frgn-image-expand-width\" style=\"\"  data-delay=\"200\"><div class=\"frgn-image-wrapper frgn-popup-item frgn-has-animation featured_box\"><img loading=\"lazy\" decoding=\"async\" width=\"1400\" height=\"933\" src=\"https:\/\/construccionesruiz.es\/wp-content\/uploads\/2021\/07\/FOTO-RUIZ.jpeg\" class=\"attachment- size-\" alt=\"Quienes somos - Construcciones Ruiz\" data-column-space=\"100\" srcset=\"https:\/\/construccionesruiz.es\/wp-content\/uploads\/2021\/07\/FOTO-RUIZ.jpeg 1400w, https:\/\/construccionesruiz.es\/wp-content\/uploads\/2021\/07\/FOTO-RUIZ-300x200.jpeg 300w, https:\/\/construccionesruiz.es\/wp-content\/uploads\/2021\/07\/FOTO-RUIZ-1024x682.jpeg 1024w, https:\/\/construccionesruiz.es\/wp-content\/uploads\/2021\/07\/FOTO-RUIZ-768x512.jpeg 768w\" sizes=\"auto, (max-width: 1400px) 100vw, 1400px\" \/>  <\/div><\/div>[\/vc_column][\/vc_row][vc_row el_class=\u00bbfrgn-inner-pages\u00bb][vc_column]<div id=\"ultimate-heading-951969f2383b050df\" class=\"uvc-heading ult-adjust-bottom-margin ultimate-heading-951969f2383b050df uvc-5749 \" data-hspacer=\"no_spacer\"  data-halign=\"left\" style=\"text-align:left\"><div class=\"uvc-heading-spacer no_spacer\" style=\"top\"><\/div><div class=\"uvc-main-heading ult-responsive\"  data-ultimate-target='.uvc-heading.ultimate-heading-951969f2383b050df h2'  data-responsive-json-new='{\"font-size\":\"desktop:50px;\",\"line-height\":\"desktop:50px;\"}' ><h2 style=\"font-family:&#039;Lato&#039;;font-weight:300;margin-top:-25px;\">Nuestro proceso de trabajo<\/h2><\/div><\/div>[vc_empty_space height=\u00bb60px\u00bb][\/vc_column][\/vc_row][vc_row css=\u00bb.vc_custom_1605711020452{padding-bottom: 180px !important;padding-left: 19% !important;}\u00bb el_class=\u00bbfrgn-inner-pages frgn-inner-pages-left-pd\u00bb][vc_column width=\u00bb5\/6&#8243; css=\u00bb.vc_custom_1589904605695{padding-right: 12% !important;}\u00bb]<div class='frgn_progress_block frgn-element frgn-image' ><div class='frgn_progress_block_inner frgn-text-by-right style-1 frgn-image-wrapper frgn-popup-item' ><div><div class='frgn-has-animation'><div class='frgn_progress_num'>1<\/div><\/div><\/div><div class='frgn_progress_block_holder frgn-text-by-right'><div class='frgn_progress_block_img'><div class='frgn-clipping-animation frgn-has-animation-down'><div class='frgn-has-animation featured_box'><img src='https:\/\/construccionesruiz.es\/wp-content\/uploads\/2021\/07\/1-RUIZ_proceso-trabajo_284x284.jpg' alt='progress_img' \/><\/div><\/div><h2><a href='#'>Escuchamos tu proyecto<\/a><\/h2><\/div><div class='frgn_progress_block_text'><div class='frgn_progress_block_text_holder'><p class=''>Sabemos que cada persona es un mundo. Por eso escuchamos con especial atenci\u00f3n la<br \/>\nidea y necesidades de tu proyecto de reforma. Te asesoramos entorno a ella para<br \/>\nrespetar el concepto inicial al m\u00e1ximo.<\/p><\/div><\/div><\/div><\/div><\/div>[vc_empty_space height=\u00bb70px\u00bb el_class=\u00bbfrgn-space-0 frgn-padd-top\u00bb]<div class='frgn_progress_block frgn-element frgn-image' ><div class='frgn_progress_block_inner frgn-text-by-right style-1 frgn-image-wrapper frgn-popup-item' ><div><div class='frgn-has-animation'><div class='frgn_progress_num'>2<\/div><\/div><\/div><div class='frgn_progress_block_holder frgn-text-by-right'><div class='frgn_progress_block_img'><div class='frgn-clipping-animation frgn-has-animation-down'><div class='frgn-has-animation featured_box'><img src='https:\/\/construccionesruiz.es\/wp-content\/uploads\/2021\/07\/2-RUIZ_proceso-trabajo_284x284.jpg' alt='progress_img' \/><\/div><\/div><h2><a href='#'>Dise\u00f1o y elecci\u00f3n de materiales<\/a><\/h2><\/div><div class='frgn_progress_block_text'><div class='frgn_progress_block_text_holder'><p class=''>Para nosotros cada espacio y estancia es importante. Una vez nos ponemos a trabajar en<br \/>\nel dise\u00f1o, exploramos cada posibilidad de distribuci\u00f3n y funcionalidad para obtener el<br \/>\nm\u00e1ximo partido. La elecci\u00f3n de materiales se hace acorde a las necesidades del proyecto<br \/>\ny a gusto del cliente, siempre con la m\u00e1xima de est\u00e1ndares de calidad.<\/p><\/div><\/div><\/div><\/div><\/div>[vc_empty_space height=\u00bb70px\u00bb el_class=\u00bbfrgn-space-0 frgn-padd-top\u00bb]<div class='frgn_progress_block frgn-element frgn-image' ><div class='frgn_progress_block_inner frgn-text-by-right style-1 frgn-image-wrapper frgn-popup-item' ><div><div class='frgn-has-animation'><div class='frgn_progress_num'>3<\/div><\/div><\/div><div class='frgn_progress_block_holder frgn-text-by-right'><div class='frgn_progress_block_img'><div class='frgn-clipping-animation frgn-has-animation-down'><div class='frgn-has-animation featured_box'><img src='https:\/\/construccionesruiz.es\/wp-content\/uploads\/2021\/07\/3-RUIZ_proceso-trabajo_284x284.jpg' alt='progress_img' \/><\/div><\/div><h2><a href='#'>Realizaci\u00f3n y obra<\/a><\/h2><\/div><div class='frgn_progress_block_text'><div class='frgn_progress_block_text_holder'><p class=''>Cuando el proyecto est\u00e1 definido y el dise\u00f1o aprobado, iniciamos la fase de ejecuci\u00f3n. En<br \/>\neste proceso, coordinamos los equipos y tiempos de trabajo. Atendemos cualquier<br \/>\ncontratiempo que pueda surgir susceptible de modificaciones con una respuesta eficaz.<br \/>\nPara nosotros el resultado es lo m\u00e1s importante, por lo que cuidamos haste el \u00faltimo<br \/>\ndetalle.<\/p><\/div><\/div><\/div><\/div><\/div>[\/vc_column][vc_column width=\u00bb1\/6&#8243;][\/vc_column][\/vc_row]\n","protected":false},"excerpt":{"rendered":"<p>[vc_row full_width=\u00bbstretch_row_content_no_spaces\u00bb equal_height=\u00bbyes\u00bb css=\u00bb.vc_custom_1616689542529{margin-top: 75px !important;padding-top: 65px !important;padding-bottom: 147px !important;padding-left: 20.5% !important;}\u00bb el_class=\u00bbfrgn-inner-pages frgn-inner-pages-left-pd\u00bb][vc_column width=\u00bb11\/12&#8243; css=\u00bb.vc_custom_1605787420183{padding-right: 33% !important;}\u00bb offset=\u00bbvc_col-lg-6 vc_col-md-11 vc_col-xs-11&#8243;][vc_custom_heading text=\u00bbQui\u00e9nes somos\u00bb font_container=\u00bbtag:h1|text_align:left\u00bb use_theme_fonts=\u00bbyes\u00bb][vc_empty_space height=\u00bb25px\u00bb][vc_empty_space height=\u00bb41px\u00bb][\/vc_column][vc_column css=\u00bb.vc_custom_1603371624325{margin-left: -18% !important;background-position: 0 0 !important;background-repeat: no-repeat !important;}\u00bb offset=\u00bbvc_col-lg-6 vc_col-md-12 vc_col-xs-12&#8243;][\/vc_column][\/vc_row][vc_row el_class=\u00bbfrgn-inner-pages\u00bb][vc_column][vc_empty_space height=\u00bb60px\u00bb][\/vc_column][\/vc_row][vc_row css=\u00bb.vc_custom_1605711020452{padding-bottom: 180px !important;padding-left: 19% !important;}\u00bb el_class=\u00bbfrgn-inner-pages frgn-inner-pages-left-pd\u00bb][vc_column width=\u00bb5\/6&#8243; css=\u00bb.vc_custom_1589904605695{padding-right: 12% !important;}\u00bb][vc_empty_space height=\u00bb70px\u00bb el_class=\u00bbfrgn-space-0 frgn-padd-top\u00bb][vc_empty_space height=\u00bb70px\u00bb [&hellip;]<\/p>\n","protected":false},"author":2,"featured_media":0,"parent":0,"menu_order":0,"comment_status":"closed","ping_status":"closed","template":"page-fullwidth.php","meta":{"footnotes":""},"class_list":["post-3121","page","type-page","status-publish","hentry"],"_links":{"self":[{"href":"https:\/\/construccionesruiz.es\/index.php?rest_route=\/wp\/v2\/pages\/3121","targetHints":{"allow":["GET"]}}],"collection":[{"href":"https:\/\/construccionesruiz.es\/index.php?rest_route=\/wp\/v2\/pages"}],"about":[{"href":"https:\/\/construccionesruiz.es\/index.php?rest_route=\/wp\/v2\/types\/page"}],"author":[{"embeddable":true,"href":"https:\/\/construccionesruiz.es\/index.php?rest_route=\/wp\/v2\/users\/2"}],"replies":[{"embeddable":true,"href":"https:\/\/construccionesruiz.es\/index.php?rest_route=%2Fwp%2Fv2%2Fcomments&post=3121"}],"version-history":[{"count":25,"href":"https:\/\/construccionesruiz.es\/index.php?rest_route=\/wp\/v2\/pages\/3121\/revisions"}],"predecessor-version":[{"id":4772,"href":"https:\/\/construccionesruiz.es\/index.php?rest_route=\/wp\/v2\/pages\/3121\/revisions\/4772"}],"wp:attachment":[{"href":"https:\/\/construccionesruiz.es\/index.php?rest_route=%2Fwp%2Fv2%2Fmedia&parent=3121"}],"curies":[{"name":"wp","href":"https:\/\/api.w.org\/{rel}","templated":true}]}}